{"id":26610,"date":"2020-10-23T02:03:42","date_gmt":"2020-10-22T23:03:42","guid":{"rendered":"http:\/\/avsarmadensuyu.com\/iletisim\/"},"modified":"2024-12-06T16:43:49","modified_gmt":"2024-12-06T13:43:49","slug":"contact-us","status":"publish","type":"page","link":"https:\/\/avsarmadensuyu.com\/en\/contact-us\/","title":{"rendered":"Contact Us"},"content":{"rendered":"\t\t<div data-elementor-type=\"wp-page\" data-elementor-id=\"26610\" class=\"elementor elementor-26610 elementor-1855\">\r\n\t\t\t\t\t\t<div class=\"elementor-inner\">\r\n\t\t\t\t<div class=\"elementor-section-wrap\">\r\n\t\t\t\t\t\t\t\t\t<div class=\"elementor-section elementor-top-section elementor-element elementor-element-101a83d8 elementor-section-full_width elementor-section-stretched elementor-section-height-default elementor-section-height-default\" data-id=\"101a83d8\" data-element_type=\"section\" data-settings=\"{&quot;stretch_section&quot;:&quot;section-stretched&quot;}\">\r\n\t\t\t\t\t\t<div class=\"elementor-container elementor-column-gap-no\">\r\n\t\t\t\t\t\t\t<div class=\"elementor-row\">\r\n\t\t\t\t\t<div class=\"elementor-column elementor-col-100 elementor-top-column elementor-element elementor-element-cc61b9a\" data-id=\"cc61b9a\" data-element_type=\"column\">\r\n\t\t\t<div class=\"elementor-column-wrap elementor-element-populated\">\r\n\t\t\t\t\t\t\t<div class=\"elementor-widget-wrap\">\r\n\t\t\t\t\t\t<div class=\"elementor-element elementor-element-765f8fbd elementor-widget elementor-widget-google_maps\" data-id=\"765f8fbd\" data-element_type=\"widget\" data-widget_type=\"google_maps.default\">\r\n\t\t\t\t<div class=\"elementor-widget-container\">\r\n\t\t\t\t\t<div class=\"elementor-custom-embed\">\r\n\t\t\t<iframe loading=\"lazy\"\r\n\t\t\t\t\tsrc=\"https:\/\/maps.google.com\/maps?q=Av%C5%9Far%20Maden%20Suyu%20Fabrikas%C4%B1&#038;t=m&#038;z=14&#038;output=embed&#038;iwloc=near\"\r\n\t\t\t\t\ttitle=\"Av\u015far Maden Suyu Fabrikas\u0131\"\r\n\t\t\t\t\taria-label=\"Av\u015far Maden Suyu Fabrikas\u0131\"\r\n\t\t\t><\/iframe>\r\n\t\t<\/div>\r\n\t\t\t\t<\/div>\r\n\t\t\t\t<\/div>\r\n\t\t\t\t\t\t<\/div>\r\n\t\t\t\t\t<\/div>\r\n\t\t<\/div>\r\n\t\t\t\t\t\t\t\t<\/div>\r\n\t\t\t\t\t<\/div>\r\n\t\t<\/div>\r\n\t\t\t\t<div class=\"elementor-section elementor-top-section elementor-element elementor-element-3295cffe elementor-section-stretched elementor-section-boxed elementor-section-height-default elementor-section-height-default\" data-id=\"3295cffe\" data-element_type=\"section\" data-settings=\"{&quot;stretch_section&quot;:&quot;section-stretched&quot;}\">\r\n\t\t\t\t\t\t<div class=\"elementor-container elementor-column-gap-no\">\r\n\t\t\t\t\t\t\t<div class=\"elementor-row\">\r\n\t\t\t\t\t<div class=\"elementor-column elementor-col-50 elementor-top-column elementor-element elementor-element-c125d5b\" data-id=\"c125d5b\" data-element_type=\"column\">\r\n\t\t\t<div class=\"elementor-column-wrap elementor-element-populated\">\r\n\t\t\t\t\t\t\t<div class=\"elementor-widget-wrap\">\r\n\t\t\t\t\t\t<div class=\"elementor-element elementor-element-45c44027 elementor-widget elementor-widget-heading\" data-id=\"45c44027\" data-element_type=\"widget\" data-widget_type=\"heading.default\">\r\n\t\t\t\t<div class=\"elementor-widget-container\">\r\n\t\t\t<h2 class=\"elementor-heading-title elementor-size-default\">You can reach us via our contact information.<\/h2>\t\t<\/div>\r\n\t\t\t\t<\/div>\r\n\t\t\t\t<div class=\"elementor-section elementor-inner-section elementor-element elementor-element-34f03783 elementor-section-content-middle elementor-section-boxed elementor-section-height-default elementor-section-height-default\" data-id=\"34f03783\" data-element_type=\"section\">\r\n\t\t\t\t\t\t<div class=\"elementor-container elementor-column-gap-no\">\r\n\t\t\t\t\t\t\t<div class=\"elementor-row\">\r\n\t\t\t\t\t<div class=\"elementor-column elementor-col-100 elementor-inner-column elementor-element elementor-element-77b444be\" data-id=\"77b444be\" data-element_type=\"column\">\r\n\t\t\t<div class=\"elementor-column-wrap elementor-element-populated\">\r\n\t\t\t\t\t\t\t<div class=\"elementor-widget-wrap\">\r\n\t\t\t\t\t\t<div class=\"elementor-element elementor-element-4aa8a7ab elementor-widget__width-initial elementor-view-default elementor-widget elementor-widget-icon\" data-id=\"4aa8a7ab\" data-element_type=\"widget\" data-widget_type=\"icon.default\">\r\n\t\t\t\t<div class=\"elementor-widget-container\">\r\n\t\t\t\t\t<div class=\"elementor-icon-wrapper\">\r\n\t\t\t<div class=\"elementor-icon\">\r\n\t\t\t<i aria-hidden=\"true\" class=\"smartic-icon- smartic-icon-map-marker\"><\/i>\t\t\t<\/div>\r\n\t\t<\/div>\r\n\t\t\t\t<\/div>\r\n\t\t\t\t<\/div>\r\n\t\t\t\t<div class=\"elementor-element elementor-element-78f1fd02 elementor-widget__width-auto elementor-widget elementor-widget-text-editor\" data-id=\"78f1fd02\" data-element_type=\"widget\" data-widget_type=\"text-editor.default\">\r\n\t\t\t\t<div class=\"elementor-widget-container\">\r\n\t\t\t\t\t\t\t\t<div class=\"elementor-text-editor elementor-clearfix\">\r\n\t\t\t\t<p>\u015eirinevler Mh. Av\u015far Deresi Cd. No:1<br \/>\u0130scehisar \/ Afyonkarahisar<\/p>\t\t\t\t\t<\/div>\r\n\t\t\t\t\t\t<\/div>\r\n\t\t\t\t<\/div>\r\n\t\t\t\t\t\t<\/div>\r\n\t\t\t\t\t<\/div>\r\n\t\t<\/div>\r\n\t\t\t\t\t\t\t\t<\/div>\r\n\t\t\t\t\t<\/div>\r\n\t\t<\/div>\r\n\t\t\t\t<div class=\"elementor-section elementor-inner-section elementor-element elementor-element-3264aeb3 elementor-section-content-middle elementor-section-boxed elementor-section-height-default elementor-section-height-default\" data-id=\"3264aeb3\" data-element_type=\"section\">\r\n\t\t\t\t\t\t<div class=\"elementor-container elementor-column-gap-no\">\r\n\t\t\t\t\t\t\t<div class=\"elementor-row\">\r\n\t\t\t\t\t<div class=\"elementor-column elementor-col-100 elementor-inner-column elementor-element elementor-element-4844f468\" data-id=\"4844f468\" data-element_type=\"column\">\r\n\t\t\t<div class=\"elementor-column-wrap elementor-element-populated\">\r\n\t\t\t\t\t\t\t<div class=\"elementor-widget-wrap\">\r\n\t\t\t\t\t\t<div class=\"elementor-element elementor-element-3ddeedeb elementor-widget__width-initial elementor-view-default elementor-widget elementor-widget-icon\" data-id=\"3ddeedeb\" data-element_type=\"widget\" data-widget_type=\"icon.default\">\r\n\t\t\t\t<div class=\"elementor-widget-container\">\r\n\t\t\t\t\t<div class=\"elementor-icon-wrapper\">\r\n\t\t\t<div class=\"elementor-icon\">\r\n\t\t\t<i aria-hidden=\"true\" class=\"smartic-icon- smartic-icon-phone-3\"><\/i>\t\t\t<\/div>\r\n\t\t<\/div>\r\n\t\t\t\t<\/div>\r\n\t\t\t\t<\/div>\r\n\t\t\t\t<div class=\"elementor-element elementor-element-489ce310 elementor-widget__width-auto elementor-widget elementor-widget-text-editor\" data-id=\"489ce310\" data-element_type=\"widget\" data-widget_type=\"text-editor.default\">\r\n\t\t\t\t<div class=\"elementor-widget-container\">\r\n\t\t\t\t\t\t\t\t<div class=\"elementor-text-editor elementor-clearfix\">\r\n\t\t\t\t<p>Tel: +90 0272 341 5555<br \/>Fax: +90 0272 341 5500<\/p>\t\t\t\t\t<\/div>\r\n\t\t\t\t\t\t<\/div>\r\n\t\t\t\t<\/div>\r\n\t\t\t\t\t\t<\/div>\r\n\t\t\t\t\t<\/div>\r\n\t\t<\/div>\r\n\t\t\t\t\t\t\t\t<\/div>\r\n\t\t\t\t\t<\/div>\r\n\t\t<\/div>\r\n\t\t\t\t<div class=\"elementor-section elementor-inner-section elementor-element elementor-element-1379aaf elementor-section-content-middle elementor-section-boxed elementor-section-height-default elementor-section-height-default\" data-id=\"1379aaf\" data-element_type=\"section\">\r\n\t\t\t\t\t\t<div class=\"elementor-container elementor-column-gap-no\">\r\n\t\t\t\t\t\t\t<div class=\"elementor-row\">\r\n\t\t\t\t\t<div class=\"elementor-column elementor-col-100 elementor-inner-column elementor-element elementor-element-19cd8d86\" data-id=\"19cd8d86\" data-element_type=\"column\">\r\n\t\t\t<div class=\"elementor-column-wrap elementor-element-populated\">\r\n\t\t\t\t\t\t\t<div class=\"elementor-widget-wrap\">\r\n\t\t\t\t\t\t<div class=\"elementor-element elementor-element-30547923 elementor-widget__width-initial elementor-view-default elementor-widget elementor-widget-icon\" data-id=\"30547923\" data-element_type=\"widget\" data-widget_type=\"icon.default\">\r\n\t\t\t\t<div class=\"elementor-widget-container\">\r\n\t\t\t\t\t<div class=\"elementor-icon-wrapper\">\r\n\t\t\t<div class=\"elementor-icon\">\r\n\t\t\t<i aria-hidden=\"true\" class=\"smartic-icon- smartic-icon-mail\"><\/i>\t\t\t<\/div>\r\n\t\t<\/div>\r\n\t\t\t\t<\/div>\r\n\t\t\t\t<\/div>\r\n\t\t\t\t<div class=\"elementor-element elementor-element-1670b14a elementor-widget__width-auto elementor-widget elementor-widget-text-editor\" data-id=\"1670b14a\" data-element_type=\"widget\" data-widget_type=\"text-editor.default\">\r\n\t\t\t\t<div class=\"elementor-widget-container\">\r\n\t\t\t\t\t\t\t\t<div class=\"elementor-text-editor elementor-clearfix\">\r\n\t\t\t\t<a href=\"mailto:info@avsarmadensuyu.com\">info@avsarmadensuyu.com<\/a>\t\t\t\t\t<\/div>\r\n\t\t\t\t\t\t<\/div>\r\n\t\t\t\t<\/div>\r\n\t\t\t\t\t\t<\/div>\r\n\t\t\t\t\t<\/div>\r\n\t\t<\/div>\r\n\t\t\t\t\t\t\t\t<\/div>\r\n\t\t\t\t\t<\/div>\r\n\t\t<\/div>\r\n\t\t\t\t\t\t<\/div>\r\n\t\t\t\t\t<\/div>\r\n\t\t<\/div>\r\n\t\t\t\t<div class=\"elementor-column elementor-col-50 elementor-top-column elementor-element elementor-element-5c812aad\" data-id=\"5c812aad\" data-element_type=\"column\">\r\n\t\t\t<div class=\"elementor-column-wrap elementor-element-populated\">\r\n\t\t\t\t\t\t\t<div class=\"elementor-widget-wrap\">\r\n\t\t\t\t\t\t<div class=\"elementor-element elementor-element-65ddd398 elementor-button-align-start elementor-mobile-button-align-center elementor-widget elementor-widget-form\" data-id=\"65ddd398\" data-element_type=\"widget\" data-settings=\"{&quot;step_next_label&quot;:&quot;Next&quot;,&quot;step_previous_label&quot;:&quot;Previous&quot;,&quot;button_width&quot;:&quot;100&quot;,&quot;step_type&quot;:&quot;number_text&quot;,&quot;step_icon_shape&quot;:&quot;circle&quot;}\" data-widget_type=\"form.default\">\r\n\t\t\t\t<div class=\"elementor-widget-container\">\r\n\t\t\t\t\t<form class=\"elementor-form\" method=\"post\" name=\"\u0130leti\u015fim Formu\">\r\n\t\t\t<input type=\"hidden\" name=\"post_id\" value=\"26610\"\/>\r\n\t\t\t<input type=\"hidden\" name=\"form_id\" value=\"65ddd398\"\/>\r\n\t\t\t<input type=\"hidden\" name=\"referer_title\" value=\"\" \/>\r\n\r\n\t\t\t\r\n\t\t\t<div class=\"elementor-form-fields-wrapper elementor-labels-above\">\r\n\t\t\t\t\t\t\t\t<div class=\"elementor-field-type-text elementor-field-group elementor-column elementor-field-group-adsoyad elementor-col-100\">\r\n\t\t\t\t\t\t\t\t\t\t\t\t\t<input size=\"1\" type=\"text\" name=\"form_fields[adsoyad]\" id=\"form-field-adsoyad\" class=\"elementor-field elementor-size-sm  elementor-field-textual\" placeholder=\"Name and Surname\">\r\n\t\t\t\t\t\t\t\t\t\t\t<\/div>\r\n\t\t\t\t\t\t\t\t<div class=\"elementor-field-type-email elementor-field-group elementor-column elementor-field-group-email elementor-col-100 elementor-field-required\">\r\n\t\t\t\t\t\t\t\t\t\t\t\t\t<input size=\"1\" type=\"email\" name=\"form_fields[email]\" id=\"form-field-email\" class=\"elementor-field elementor-size-sm  elementor-field-textual\" placeholder=\"E-Mail Address\" required=\"required\" aria-required=\"true\">\r\n\t\t\t\t\t\t\t\t\t\t\t<\/div>\r\n\t\t\t\t\t\t\t\t<div class=\"elementor-field-type-textarea elementor-field-group elementor-column elementor-field-group-field_5e54900 elementor-col-100\">\r\n\t\t\t\t\t<textarea class=\"elementor-field-textual elementor-field  elementor-size-sm\" name=\"form_fields[field_5e54900]\" id=\"form-field-field_5e54900\" rows=\"5\" placeholder=\"Your message\"><\/textarea>\t\t\t\t<\/div>\r\n\t\t\t\t\t\t\t\t<div class=\"elementor-field-group elementor-column elementor-field-type-submit elementor-col-100 e-form__buttons\">\r\n\t\t\t\t\t<button type=\"submit\" class=\"elementor-button elementor-size-sm\">\r\n\t\t\t\t\t\t<span >\r\n\t\t\t\t\t\t\t\t\t\t\t\t\t\t\t<span class=\" elementor-button-icon\">\r\n\t\t\t\t\t\t\t\t\t\t\t\t\t\t\t\t\t\t\t\t\t\t\t\t\t\t<\/span>\r\n\t\t\t\t\t\t\t\t\t\t\t\t\t\t\t\t\t\t\t\t\t\t<span class=\"elementor-button-text\">Send<\/span>\r\n\t\t\t\t\t\t\t\t\t\t\t\t\t<\/span>\r\n\t\t\t\t\t<\/button>\r\n\t\t\t\t<\/div>\r\n\t\t\t<\/div>\r\n\t\t<\/form>\r\n\t\t\t\t<\/div>\r\n\t\t\t\t<\/div>\r\n\t\t\t\t\t\t<\/div>\r\n\t\t\t\t\t<\/div>\r\n\t\t<\/div>\r\n\t\t\t\t\t\t\t\t<\/div>\r\n\t\t\t\t\t<\/div>\r\n\t\t<\/div>\r\n\t\t\t\t\t\t\t\t\t<\/div>\r\n\t\t\t<\/div>\r\n\t\t\t\t\t<\/div>\r\n\t\t","protected":false},"excerpt":{"rendered":"<p>You can reach us via our contact information. \u015eirinevler Mh. Av\u015far Deresi Cd. No:1\u0130scehisar \/ Afyonkarahisar Tel: +90 0272 341 5555Fax: +90 0272 341 5500 info@avsarmadensuyu.com<\/p>\n","protected":false},"author":1,"featured_media":0,"parent":0,"menu_order":0,"comment_status":"closed","ping_status":"closed","template":"template-homepage.php","meta":{"inline_featured_image":false},"_links":{"self":[{"href":"https:\/\/avsarmadensuyu.com\/en\/wp-json\/wp\/v2\/pages\/26610"}],"collection":[{"href":"https:\/\/avsarmadensuyu.com\/en\/wp-json\/wp\/v2\/pages"}],"about":[{"href":"https:\/\/avsarmadensuyu.com\/en\/wp-json\/wp\/v2\/types\/page"}],"author":[{"embeddable":true,"href":"https:\/\/avsarmadensuyu.com\/en\/wp-json\/wp\/v2\/users\/1"}],"replies":[{"embeddable":true,"href":"https:\/\/avsarmadensuyu.com\/en\/wp-json\/wp\/v2\/comments?post=26610"}],"version-history":[{"count":30,"href":"https:\/\/avsarmadensuyu.com\/en\/wp-json\/wp\/v2\/pages\/26610\/revisions"}],"predecessor-version":[{"id":26949,"href":"https:\/\/avsarmadensuyu.com\/en\/wp-json\/wp\/v2\/pages\/26610\/revisions\/26949"}],"wp:attachment":[{"href":"https:\/\/avsarmadensuyu.com\/en\/wp-json\/wp\/v2\/media?parent=26610"}],"curies":[{"name":"wp","href":"https:\/\/api.w.org\/{rel}","templated":true}]}}