{"id":26621,"date":"2020-10-19T10:25:52","date_gmt":"2020-10-19T07:25:52","guid":{"rendered":"http:\/\/avsarmadensuyu.com\/hakkimizda\/"},"modified":"2024-12-06T16:41:08","modified_gmt":"2024-12-06T13:41:08","slug":"about-us","status":"publish","type":"page","link":"https:\/\/avsarmadensuyu.com\/en\/about-us\/","title":{"rendered":"About Us"},"content":{"rendered":"\t\t<div data-elementor-type=\"wp-page\" data-elementor-id=\"26621\" class=\"elementor elementor-26621 elementor-293\">\r\n\t\t\t\t\t\t<div class=\"elementor-inner\">\r\n\t\t\t\t<div class=\"elementor-section-wrap\">\r\n\t\t\t\t\t\t\t\t\t<div class=\"elementor-section elementor-top-section elementor-element elementor-element-9c3be39 elementor-section-stretched elementor-section-boxed elementor-section-height-default elementor-section-height-default\" data-id=\"9c3be39\" data-element_type=\"section\" data-settings=\"{&quot;stretch_section&quot;:&quot;section-stretched&quot;}\">\r\n\t\t\t\t\t\t<div class=\"elementor-container elementor-column-gap-no\">\r\n\t\t\t\t\t\t\t<div class=\"elementor-row\">\r\n\t\t\t\t\t<div class=\"elementor-column elementor-col-50 elementor-top-column elementor-element elementor-element-a8a5835\" data-id=\"a8a5835\" data-element_type=\"column\">\r\n\t\t\t<div class=\"elementor-column-wrap elementor-element-populated\">\r\n\t\t\t\t\t\t\t<div class=\"elementor-widget-wrap\">\r\n\t\t\t\t\t\t<div class=\"elementor-element elementor-element-25b0216 elementor-widget elementor-widget-image\" data-id=\"25b0216\" data-element_type=\"widget\" data-widget_type=\"image.default\">\r\n\t\t\t\t<div class=\"elementor-widget-container\">\r\n\t\t\t\t\t\t\t\t<div class=\"elementor-image\">\r\n\t\t\t\t\t\t\t\t\t\t\t\t<img decoding=\"async\" width=\"1000\" height=\"562\" src=\"https:\/\/avsarmadensuyu.com\/wp-content\/uploads\/2023\/07\/hakkimizda_2.jpg\" class=\"attachment-full size-full wp-image-26616\" alt=\"\" loading=\"lazy\" srcset=\"https:\/\/avsarmadensuyu.com\/wp-content\/uploads\/2023\/07\/hakkimizda_2.jpg 1000w, https:\/\/avsarmadensuyu.com\/wp-content\/uploads\/2023\/07\/hakkimizda_2-300x169.jpg 300w, https:\/\/avsarmadensuyu.com\/wp-content\/uploads\/2023\/07\/hakkimizda_2-768x432.jpg 768w, https:\/\/avsarmadensuyu.com\/wp-content\/uploads\/2023\/07\/hakkimizda_2-800x450.jpg 800w\" sizes=\"(max-width: 1000px) 100vw, 1000px\" \/>\t\t\t\t\t\t\t\t\t\t\t\t\t\t<\/div>\r\n\t\t\t\t\t\t<\/div>\r\n\t\t\t\t<\/div>\r\n\t\t\t\t\t\t<\/div>\r\n\t\t\t\t\t<\/div>\r\n\t\t<\/div>\r\n\t\t\t\t<div class=\"elementor-column elementor-col-50 elementor-top-column elementor-element elementor-element-3beda41\" data-id=\"3beda41\" data-element_type=\"column\">\r\n\t\t\t<div class=\"elementor-column-wrap elementor-element-populated\">\r\n\t\t\t\t\t\t\t<div class=\"elementor-widget-wrap\">\r\n\t\t\t\t\t\t<div class=\"elementor-element elementor-element-e69d668 elementor-widget elementor-widget-heading\" data-id=\"e69d668\" data-element_type=\"widget\" data-widget_type=\"heading.default\">\r\n\t\t\t\t<div class=\"elementor-widget-container\">\r\n\t\t\t<h2 class=\"elementor-heading-title elementor-size-default\">About us.<\/h2>\t\t<\/div>\r\n\t\t\t\t<\/div>\r\n\t\t\t\t<div class=\"elementor-element elementor-element-ecc3a70 elementor-widget elementor-widget-spacer\" data-id=\"ecc3a70\" data-element_type=\"widget\" data-widget_type=\"spacer.default\">\r\n\t\t\t\t<div class=\"elementor-widget-container\">\r\n\t\t\t\t\t<div class=\"elementor-spacer\">\r\n\t\t\t<div class=\"elementor-spacer-inner\"><\/div>\r\n\t\t<\/div>\r\n\t\t\t\t<\/div>\r\n\t\t\t\t<\/div>\r\n\t\t\t\t<div class=\"elementor-element elementor-element-23be8d6 elementor-widget elementor-widget-text-editor\" data-id=\"23be8d6\" data-element_type=\"widget\" data-widget_type=\"text-editor.default\">\r\n\t\t\t\t<div class=\"elementor-widget-container\">\r\n\t\t\t\t\t\t\t\t<div class=\"elementor-text-editor elementor-clearfix\">\r\n\t\t\t\t<p><strong>Av\u015far Mineral Water<\/strong> is located on the Afyonkarahisar-Ankara direction, 3 km from \u0130scehisar district center, in the Av\u015far Stream.<\/p><p>The first written information about Av\u015far Mineral Water was written by Prof. Dr. S. Calvi, who conducted studies on mineral water and thermal springs in Turkey, in the 3rd issue of the Turkish Hygiene and Experimental Biology magazine in 1940. This article mentions that Av\u015far Springs are located four hours away from Afyon. In the following years, many studies and analyses were conducted on Av\u015far Mineral Waters and it was stated that Av\u015far Mineral Water has superior qualities. It was stated in the article &#8220;Afyonkarahisar Thermal Springs and Mineral Waters&#8221; written by Dr. M. Sadettin AYGEN that the Av\u015far Mineral Water source, where the studies were conducted, boils from a pool consisting of stones arranged around the spring with a flow rate of approximately 0.13\/sec.<\/p>\t\t\t\t\t<\/div>\r\n\t\t\t\t\t\t<\/div>\r\n\t\t\t\t<\/div>\r\n\t\t\t\t\t\t<\/div>\r\n\t\t\t\t\t<\/div>\r\n\t\t<\/div>\r\n\t\t\t\t\t\t\t\t<\/div>\r\n\t\t\t\t\t<\/div>\r\n\t\t<\/div>\r\n\t\t\t\t<div class=\"elementor-section elementor-top-section elementor-element elementor-element-56da10d elementor-section-stretched elementor-section-boxed elementor-section-height-default elementor-section-height-default\" data-id=\"56da10d\" data-element_type=\"section\" data-settings=\"{&quot;stretch_section&quot;:&quot;section-stretched&quot;}\">\r\n\t\t\t\t\t\t<div class=\"elementor-container elementor-column-gap-no\">\r\n\t\t\t\t\t\t\t<div class=\"elementor-row\">\r\n\t\t\t\t\t<div class=\"elementor-column elementor-col-100 elementor-top-column elementor-element elementor-element-97b2e55\" data-id=\"97b2e55\" data-element_type=\"column\">\r\n\t\t\t<div class=\"elementor-column-wrap elementor-element-populated\">\r\n\t\t\t\t\t\t\t<div class=\"elementor-widget-wrap\">\r\n\t\t\t\t\t\t<div class=\"elementor-element elementor-element-8ed3004 elementor-widget-divider--view-line elementor-widget elementor-widget-divider\" data-id=\"8ed3004\" data-element_type=\"widget\" data-widget_type=\"divider.default\">\r\n\t\t\t\t<div class=\"elementor-widget-container\">\r\n\t\t\t\t\t<div class=\"elementor-divider\">\r\n\t\t\t<span class=\"elementor-divider-separator\">\r\n\t\t\t\t\t\t<\/span>\r\n\t\t<\/div>\r\n\t\t\t\t<\/div>\r\n\t\t\t\t<\/div>\r\n\t\t\t\t<div class=\"elementor-element elementor-element-cd1dfa8 elementor-widget elementor-widget-text-editor\" data-id=\"cd1dfa8\" data-element_type=\"widget\" data-widget_type=\"text-editor.default\">\r\n\t\t\t\t<div class=\"elementor-widget-container\">\r\n\t\t\t\t\t\t\t\t<div class=\"elementor-text-editor elementor-clearfix\">\r\n\t\t\t\t<p>In addition to the drinking use of Av\u015far Mineral Water, its use for geothermal health cure purposes is understood from the 8 caves located near the source point. The presence of two-story caves carved into the rocks around Av\u015far Creek shows that Av\u015far Mineral Water was used as a drinking and geothermal spa for health purposes by the Eti and Phrygian civilizations that settled in this geography.<\/p><p>There are treatment centers known to be 200 in the name of Eskilop, the God of Health, called Asklepion by the Ancient Greeks. The common features of Asklepions are that there is a spring in the middle and rooms arranged around the spring. It shows that the caves in the location where Av\u015far Mineral Water is located were also used as thermal hotels in the Ancient Greek period for water treatment purposes.<\/p><p>Av\u015far Mineral Water, which has been used for health purposes throughout history, was transferred to \u015euayp Demirel \u0130th. \u0130hr. Taah. ve Tic. The factory investment was initiated by and offered to the benefit of people living in the country and abroad.<\/p>\t\t\t\t\t<\/div>\r\n\t\t\t\t\t\t<\/div>\r\n\t\t\t\t<\/div>\r\n\t\t\t\t<div class=\"elementor-element elementor-element-1f34cf7 elementor-widget-divider--view-line elementor-widget elementor-widget-divider\" data-id=\"1f34cf7\" data-element_type=\"widget\" data-widget_type=\"divider.default\">\r\n\t\t\t\t<div class=\"elementor-widget-container\">\r\n\t\t\t\t\t<div class=\"elementor-divider\">\r\n\t\t\t<span class=\"elementor-divider-separator\">\r\n\t\t\t\t\t\t<\/span>\r\n\t\t<\/div>\r\n\t\t\t\t<\/div>\r\n\t\t\t\t<\/div>\r\n\t\t\t\t\t\t<\/div>\r\n\t\t\t\t\t<\/div>\r\n\t\t<\/div>\r\n\t\t\t\t\t\t\t\t<\/div>\r\n\t\t\t\t\t<\/div>\r\n\t\t<\/div>\r\n\t\t\t\t<div class=\"elementor-section elementor-top-section elementor-element elementor-element-0f34e2f elementor-section-stretched elementor-section-boxed elementor-section-height-default elementor-section-height-default\" data-id=\"0f34e2f\" data-element_type=\"section\" data-settings=\"{&quot;stretch_section&quot;:&quot;section-stretched&quot;}\">\r\n\t\t\t\t\t\t<div class=\"elementor-container elementor-column-gap-no\">\r\n\t\t\t\t\t\t\t<div class=\"elementor-row\">\r\n\t\t\t\t\t<div class=\"elementor-column elementor-col-100 elementor-top-column elementor-element elementor-element-ab827ba\" data-id=\"ab827ba\" data-element_type=\"column\">\r\n\t\t\t<div class=\"elementor-column-wrap elementor-element-populated\">\r\n\t\t\t\t\t\t\t<div class=\"elementor-widget-wrap\">\r\n\t\t\t\t\t\t<div class=\"elementor-element elementor-element-c4dd2c1 elementor-widget elementor-widget-video\" data-id=\"c4dd2c1\" data-element_type=\"widget\" data-settings=\"{&quot;youtube_url&quot;:&quot;https:\\\/\\\/www.youtube.com\\\/watch?v=izyfqmrjdyw&quot;,&quot;video_type&quot;:&quot;youtube&quot;,&quot;controls&quot;:&quot;yes&quot;}\" data-widget_type=\"video.default\">\r\n\t\t\t\t<div class=\"elementor-widget-container\">\r\n\t\t\t\t\t<div class=\"elementor-wrapper elementor-open-inline\">\r\n\t\t\t<div class=\"elementor-video\"><\/div>\t\t<\/div>\r\n\t\t\t\t<\/div>\r\n\t\t\t\t<\/div>\r\n\t\t\t\t<div class=\"elementor-element elementor-element-035da9b elementor-widget elementor-widget-spacer\" data-id=\"035da9b\" data-element_type=\"widget\" data-widget_type=\"spacer.default\">\r\n\t\t\t\t<div class=\"elementor-widget-container\">\r\n\t\t\t\t\t<div class=\"elementor-spacer\">\r\n\t\t\t<div class=\"elementor-spacer-inner\"><\/div>\r\n\t\t<\/div>\r\n\t\t\t\t<\/div>\r\n\t\t\t\t<\/div>\r\n\t\t\t\t<div class=\"elementor-element elementor-element-9717084 elementor-widget elementor-widget-text-editor\" data-id=\"9717084\" data-element_type=\"widget\" data-widget_type=\"text-editor.default\">\r\n\t\t\t\t<div class=\"elementor-widget-container\">\r\n\t\t\t\t\t\t\t\t<div class=\"elementor-text-editor elementor-clearfix\">\r\n\t\t\t\t<p>With the solar energy system we have established, we aim to provide all of our annual energy consumption of approximately 3,000,000 KWn from the sun. With the solar energy we produce, we will reduce the annual CO2 emissions of 1230 tons by 96%, and we will contribute to slowing down climate change, while saving 184 trees in nature. In addition, we will contribute to the reduction of air pollution and water consumption while producing our energy with the sun.<\/p>\t\t\t\t\t<\/div>\r\n\t\t\t\t\t\t<\/div>\r\n\t\t\t\t<\/div>\r\n\t\t\t\t\t\t<\/div>\r\n\t\t\t\t\t<\/div>\r\n\t\t<\/div>\r\n\t\t\t\t\t\t\t\t<\/div>\r\n\t\t\t\t\t<\/div>\r\n\t\t<\/div>\r\n\t\t\t\t<div class=\"elementor-section elementor-top-section elementor-element elementor-element-a02bdfe elementor-section-stretched elementor-section-height-min-height elementor-section-boxed elementor-section-height-default elementor-section-items-middle\" data-id=\"a02bdfe\" data-element_type=\"section\" data-settings=\"{&quot;stretch_section&quot;:&quot;section-stretched&quot;,&quot;background_background&quot;:&quot;classic&quot;}\">\r\n\t\t\t\t\t\t<div class=\"elementor-container elementor-column-gap-no\">\r\n\t\t\t\t\t\t\t<div class=\"elementor-row\">\r\n\t\t\t\t\t<div class=\"elementor-column elementor-col-100 elementor-top-column elementor-element elementor-element-5ddea93\" data-id=\"5ddea93\" data-element_type=\"column\">\r\n\t\t\t<div class=\"elementor-column-wrap elementor-element-populated\">\r\n\t\t\t\t\t\t\t<div class=\"elementor-widget-wrap\">\r\n\t\t\t\t\t\t<div class=\"elementor-element elementor-element-ec74077 elementor-widget elementor-widget-heading\" data-id=\"ec74077\" data-element_type=\"widget\" data-widget_type=\"heading.default\">\r\n\t\t\t\t<div class=\"elementor-widget-container\">\r\n\t\t\t<h2 class=\"elementor-heading-title elementor-size-default\">Avsar in Numbers<\/h2>\t\t<\/div>\r\n\t\t\t\t<\/div>\r\n\t\t\t\t<div class=\"elementor-element elementor-element-bff9b27 elementor-widget elementor-widget-text-editor\" data-id=\"bff9b27\" data-element_type=\"widget\" data-widget_type=\"text-editor.default\">\r\n\t\t\t\t<div class=\"elementor-widget-container\">\r\n\t\t\t\t\t\t\t\t<div class=\"elementor-text-editor elementor-clearfix\">\r\n\t\t\t\t<p>With the investments made in the factory in 2021, the production capacity was doubled. As of 2024, it operates as \u015euayp Demirel Madensuyu A.\u015e.<\/p><p>With the revision made in production in 2021;<br \/>Av\u015far Maden Suyu factory, built on a total area of \u200b\u200b330,000 m2, has 18,000 m2 closed area, 16,200 m2 production, 1,800 m2 administrative building, and has a production capacity of 100,000 bottles\/hour and high-level technology that will enable production under superior hygiene conditions.<\/p>\t\t\t\t\t<\/div>\r\n\t\t\t\t\t\t<\/div>\r\n\t\t\t\t<\/div>\r\n\t\t\t\t\t\t<\/div>\r\n\t\t\t\t\t<\/div>\r\n\t\t<\/div>\r\n\t\t\t\t\t\t\t\t<\/div>\r\n\t\t\t\t\t<\/div>\r\n\t\t<\/div>\r\n\t\t\t\t<div class=\"elementor-section elementor-top-section elementor-element elementor-element-ab43809 elementor-section-stretched elementor-section-boxed elementor-section-height-default elementor-section-height-default\" data-id=\"ab43809\" data-element_type=\"section\" data-settings=\"{&quot;stretch_section&quot;:&quot;section-stretched&quot;}\">\r\n\t\t\t\t\t\t<div class=\"elementor-container elementor-column-gap-no\">\r\n\t\t\t\t\t\t\t<div class=\"elementor-row\">\r\n\t\t\t\t\t<div class=\"elementor-column elementor-col-33 elementor-top-column elementor-element elementor-element-94bfe7d\" data-id=\"94bfe7d\" data-element_type=\"column\" data-settings=\"{&quot;background_background&quot;:&quot;classic&quot;}\">\r\n\t\t\t<div class=\"elementor-column-wrap elementor-element-populated\">\r\n\t\t\t\t\t\t\t<div class=\"elementor-widget-wrap\">\r\n\t\t\t\t\t\t<div class=\"elementor-element elementor-element-2c054e2 elementor-alignment-center elementor-position-left elementor-vertical-align-top elementor-widget elementor-widget-counter\" data-id=\"2c054e2\" data-element_type=\"widget\" data-widget_type=\"counter.default\">\r\n\t\t\t\t<div class=\"elementor-widget-container\">\r\n\t\t\t        <div class=\"elementor-counter\">\r\n            <div class=\"elementor-counter-wrapper\">\r\n                <div class=\"elementor-counter-number-wrapper\">\r\n                    <span class=\"elementor-counter-number-prefix\"><\/span>\r\n                    <span class=\"elementor-counter-number\" data-duration=\"2000\" data-to-value=\"2015\">0<\/span>\r\n                    <span class=\"elementor-counter-number-suffix\"><\/span>\r\n                <\/div>\r\n\r\n                <div class=\"elementor-counter-title-wrap\">\r\n                                            <div class=\"elementor-counter-title\">Year of Foundation<\/div>\r\n                                                                            <\/div>\r\n            <\/div>\r\n        <\/div>\r\n        \t\t<\/div>\r\n\t\t\t\t<\/div>\r\n\t\t\t\t\t\t<\/div>\r\n\t\t\t\t\t<\/div>\r\n\t\t<\/div>\r\n\t\t\t\t<div class=\"elementor-column elementor-col-33 elementor-top-column elementor-element elementor-element-4624094\" data-id=\"4624094\" data-element_type=\"column\" data-settings=\"{&quot;background_background&quot;:&quot;classic&quot;}\">\r\n\t\t\t<div class=\"elementor-column-wrap elementor-element-populated\">\r\n\t\t\t\t\t\t\t<div class=\"elementor-widget-wrap\">\r\n\t\t\t\t\t\t<div class=\"elementor-element elementor-element-d9cff46 elementor-alignment-center elementor-position-left elementor-vertical-align-top elementor-widget elementor-widget-counter\" data-id=\"d9cff46\" data-element_type=\"widget\" data-widget_type=\"counter.default\">\r\n\t\t\t\t<div class=\"elementor-widget-container\">\r\n\t\t\t        <div class=\"elementor-counter\">\r\n            <div class=\"elementor-counter-wrapper\">\r\n                <div class=\"elementor-counter-number-wrapper\">\r\n                    <span class=\"elementor-counter-number-prefix\"><\/span>\r\n                    <span class=\"elementor-counter-number\" data-duration=\"2000\" data-to-value=\"100000\" data-delimiter=\",\">0<\/span>\r\n                    <span class=\"elementor-counter-number-suffix\"><\/span>\r\n                <\/div>\r\n\r\n                <div class=\"elementor-counter-title-wrap\">\r\n                                            <div class=\"elementor-counter-title\">Bottle Production Capacity (hour)<\/div>\r\n                                                                            <\/div>\r\n            <\/div>\r\n        <\/div>\r\n        \t\t<\/div>\r\n\t\t\t\t<\/div>\r\n\t\t\t\t\t\t<\/div>\r\n\t\t\t\t\t<\/div>\r\n\t\t<\/div>\r\n\t\t\t\t<div class=\"elementor-column elementor-col-33 elementor-top-column elementor-element elementor-element-aa771a7\" data-id=\"aa771a7\" data-element_type=\"column\" data-settings=\"{&quot;background_background&quot;:&quot;classic&quot;}\">\r\n\t\t\t<div class=\"elementor-column-wrap elementor-element-populated\">\r\n\t\t\t\t\t\t\t<div class=\"elementor-widget-wrap\">\r\n\t\t\t\t\t\t<div class=\"elementor-element elementor-element-4fe6464 elementor-alignment-center elementor-position-left elementor-vertical-align-top elementor-widget elementor-widget-counter\" data-id=\"4fe6464\" data-element_type=\"widget\" data-widget_type=\"counter.default\">\r\n\t\t\t\t<div class=\"elementor-widget-container\">\r\n\t\t\t        <div class=\"elementor-counter\">\r\n            <div class=\"elementor-counter-wrapper\">\r\n                <div class=\"elementor-counter-number-wrapper\">\r\n                    <span class=\"elementor-counter-number-prefix\"><\/span>\r\n                    <span class=\"elementor-counter-number\" data-duration=\"2000\" data-to-value=\"16200\">0<\/span>\r\n                    <span class=\"elementor-counter-number-suffix\">m2<\/span>\r\n                <\/div>\r\n\r\n                <div class=\"elementor-counter-title-wrap\">\r\n                                            <div class=\"elementor-counter-title\">Production Area<\/div>\r\n                                                                            <\/div>\r\n            <\/div>\r\n        <\/div>\r\n        \t\t<\/div>\r\n\t\t\t\t<\/div>\r\n\t\t\t\t\t\t<\/div>\r\n\t\t\t\t\t<\/div>\r\n\t\t<\/div>\r\n\t\t\t\t\t\t\t\t<\/div>\r\n\t\t\t\t\t<\/div>\r\n\t\t<\/div>\r\n\t\t\t\t\t\t\t\t\t<\/div>\r\n\t\t\t<\/div>\r\n\t\t\t\t\t<\/div>\r\n\t\t","protected":false},"excerpt":{"rendered":"<p>About us. Av\u015far Mineral Water is located on the Afyonkarahisar-Ankara direction, 3 km from \u0130scehisar district center, in the Av\u015far Stream. The first written information about Av\u015far Mineral Water was written by Prof. Dr. S. Calvi, who conducted studies on mineral water and thermal springs in Turkey, in the 3rd issue of the Turkish Hygiene [&hellip;]<\/p>\n","protected":false},"author":1,"featured_media":0,"parent":0,"menu_order":0,"comment_status":"closed","ping_status":"closed","template":"template-homepage.php","meta":{"inline_featured_image":false},"_links":{"self":[{"href":"https:\/\/avsarmadensuyu.com\/en\/wp-json\/wp\/v2\/pages\/26621"}],"collection":[{"href":"https:\/\/avsarmadensuyu.com\/en\/wp-json\/wp\/v2\/pages"}],"about":[{"href":"https:\/\/avsarmadensuyu.com\/en\/wp-json\/wp\/v2\/types\/page"}],"author":[{"embeddable":true,"href":"https:\/\/avsarmadensuyu.com\/en\/wp-json\/wp\/v2\/users\/1"}],"replies":[{"embeddable":true,"href":"https:\/\/avsarmadensuyu.com\/en\/wp-json\/wp\/v2\/comments?post=26621"}],"version-history":[{"count":27,"href":"https:\/\/avsarmadensuyu.com\/en\/wp-json\/wp\/v2\/pages\/26621\/revisions"}],"predecessor-version":[{"id":26943,"href":"https:\/\/avsarmadensuyu.com\/en\/wp-json\/wp\/v2\/pages\/26621\/revisions\/26943"}],"wp:attachment":[{"href":"https:\/\/avsarmadensuyu.com\/en\/wp-json\/wp\/v2\/media?parent=26621"}],"curies":[{"name":"wp","href":"https:\/\/api.w.org\/{rel}","templated":true}]}}